{"id":26047,"date":"2024-01-17T15:46:30","date_gmt":"2024-01-17T14:46:30","guid":{"rendered":"https:\/\/develop.visionmedia.nu\/maudeshotel\/contact\/"},"modified":"2024-04-29T09:25:44","modified_gmt":"2024-04-29T07:25:44","slug":"contact","status":"publish","type":"page","link":"https:\/\/maudeshotel.se\/en\/contact\/","title":{"rendered":"Contact"},"content":{"rendered":"<p>[et_pb_section fb_built=&#8221;1&#8243; _builder_version=&#8221;4.22.0&#8243; _module_preset=&#8221;default&#8221; background_color=&#8221;rgba(0,0,0,0.3)&#8221; background_image=&#8221;https:\/\/maudeshotel.se\/wp-content\/uploads\/2024\/01\/imgcard-9.jpg&#8221; background_blend=&#8221;overlay&#8221; custom_margin=&#8221;-220px||||false|false&#8221; custom_margin_tablet=&#8221;0px||||false|false&#8221; custom_margin_phone=&#8221;0px||||false|false&#8221; custom_margin_last_edited=&#8221;on|desktop&#8221; custom_padding=&#8221;15vw||7vw||false|false&#8221; global_colors_info=&#8221;{}&#8221;][et_pb_row _builder_version=&#8221;4.22.0&#8243; _module_preset=&#8221;default&#8221; global_colors_info=&#8221;{}&#8221;][et_pb_column type=&#8221;4_4&#8243; _builder_version=&#8221;4.22.0&#8243; _module_preset=&#8221;default&#8221; global_colors_info=&#8221;{}&#8221;][et_pb_post_title meta=&#8221;off&#8221; featured_image=&#8221;off&#8221; _builder_version=&#8221;4.24.0&#8243; _module_preset=&#8221;default&#8221; title_font=&#8221;Playfair Display|700|on||||||&#8221; title_text_align=&#8221;center&#8221; title_text_color=&#8221;#FFFFFF&#8221; title_font_size=&#8221;80px&#8221; title_letter_spacing=&#8221;5px&#8221; custom_margin=&#8221;||2px||false|false&#8221; custom_margin_tablet=&#8221;34px||2px||false|false&#8221; custom_margin_phone=&#8221;32px||||false|false&#8221; custom_margin_last_edited=&#8221;on|phone&#8221; title_font_size_tablet=&#8221;47px&#8221; title_font_size_phone=&#8221;42px&#8221; title_font_size_last_edited=&#8221;on|phone&#8221; title_letter_spacing_tablet=&#8221;5px&#8221; title_letter_spacing_phone=&#8221;2px&#8221; title_letter_spacing_last_edited=&#8221;on|tablet&#8221; title_text_shadow_style=&#8221;preset1&#8243; global_colors_info=&#8221;{}&#8221;][\/et_pb_post_title][et_pb_text _builder_version=&#8221;4.24.0&#8243; _module_preset=&#8221;default&#8221; text_font=&#8221;Playfair Display||||||||&#8221; text_text_color=&#8221;#FFFFFF&#8221; text_font_size=&#8221;33px&#8221; text_orientation=&#8221;center&#8221; custom_margin=&#8221;42px||||false|false&#8221; text_font_size_tablet=&#8221;33px&#8221; text_font_size_phone=&#8221;29px&#8221; text_font_size_last_edited=&#8221;on|phone&#8221; text_text_shadow_style=&#8221;preset1&#8243; locked=&#8221;off&#8221; global_colors_info=&#8221;{}&#8221;]<\/p>\n<p>Maude&#8217;s Hotel Enskede<\/p>\n<p>[\/et_pb_text][\/et_pb_column][\/et_pb_row][\/et_pb_section][et_pb_section fb_built=&#8221;1&#8243; _builder_version=&#8221;4.22.0&#8243; _module_preset=&#8221;default&#8221; background_color=&#8221;#f5f5f5&#8243; custom_margin=&#8221;0px||0px||true|false&#8221; custom_padding=&#8221;78px||78px||true|false&#8221; global_colors_info=&#8221;{}&#8221;][et_pb_row _builder_version=&#8221;4.22.0&#8243; _module_preset=&#8221;default&#8221; global_colors_info=&#8221;{}&#8221;][et_pb_column type=&#8221;4_4&#8243; _builder_version=&#8221;4.22.0&#8243; _module_preset=&#8221;default&#8221; global_colors_info=&#8221;{}&#8221;][et_pb_text _builder_version=&#8221;4.22.0&#8243; _module_preset=&#8221;default&#8221; header_2_font=&#8221;|600||on|||||&#8221; header_2_text_align=&#8221;center&#8221; header_2_text_color=&#8221;#000000&#8243; header_2_font_size=&#8221;32px&#8221; custom_margin=&#8221;0px||-5px||false|false&#8221; custom_padding=&#8221;0px||0px||false|false&#8221; global_colors_info=&#8221;{}&#8221;]<\/p>\n<h2>08-600 59 00<\/h2>\n<p>[\/et_pb_text][et_pb_divider show_divider=&#8221;off&#8221; _builder_version=&#8221;4.22.0&#8243; _module_preset=&#8221;default&#8221; custom_margin=&#8221;|505px||505px|false|true&#8221; custom_padding=&#8221;||||false|true&#8221; border_width_bottom=&#8221;1px&#8221; border_color_bottom=&#8221;#000000&#8243; global_colors_info=&#8221;{}&#8221;][\/et_pb_divider][et_pb_text _builder_version=&#8221;4.22.0&#8243; _module_preset=&#8221;default&#8221; header_3_font=&#8221;Playfair Display||on||||||&#8221; header_3_text_align=&#8221;center&#8221; header_3_text_color=&#8221;#5b5b5b&#8221; header_3_font_size=&#8221;18px&#8221; header_3_line_height=&#8221;1.3em&#8221; custom_margin=&#8221;||21px|||&#8221; custom_padding=&#8221;28px|||||&#8221; global_colors_info=&#8221;{}&#8221;]<\/p>\n<h3>Make a reservation via phone<\/h3>\n<p>[\/et_pb_text][\/et_pb_column][\/et_pb_row][et_pb_row column_structure=&#8221;1_2,1_2&#8243; use_custom_gutter=&#8221;on&#8221; gutter_width=&#8221;2&#8243; _builder_version=&#8221;4.22.0&#8243; _module_preset=&#8221;default&#8221; width=&#8221;90%&#8221; max_width=&#8221;1170px&#8221; global_colors_info=&#8221;{}&#8221;][et_pb_column type=&#8221;1_2&#8243; _builder_version=&#8221;4.22.0&#8243; _module_preset=&#8221;default&#8221; global_colors_info=&#8221;{}&#8221;][et_pb_text _builder_version=&#8221;4.22.0&#8243; _module_preset=&#8221;default&#8221; header_3_font=&#8221;Playfair Display||on||||||&#8221; header_3_text_align=&#8221;center&#8221; header_3_text_color=&#8221;#5b5b5b&#8221; header_3_font_size=&#8221;18px&#8221; header_3_line_height=&#8221;1.3em&#8221; custom_margin=&#8221;||21px|||&#8221; custom_padding=&#8221;28px|||||&#8221; global_colors_info=&#8221;{}&#8221;]<\/p>\n<h3>Maude&#8217;s Hotel Enskede<\/h3>\n<p>[\/et_pb_text][et_pb_text _builder_version=&#8221;4.24.3&#8243; _module_preset=&#8221;default&#8221; text_text_color=&#8221;#000000&#8243; text_font_size=&#8221;13px&#8221; link_font=&#8221;||||on||||&#8221; link_text_color=&#8221;#000000&#8243; text_orientation=&#8221;center&#8221; global_colors_info=&#8221;{}&#8221;]Svedmyraplan 3<br \/>\nSE-122 48 ENSKEDE<\/p>\n<p><em>Phone: +468-600 59 00<\/em><\/p>\n<p><em><a href=\"mailto:enskede@maudeshotel.se\">enskede@maudeshotel.se<\/a><\/em>[\/et_pb_text][\/et_pb_column][et_pb_column type=&#8221;1_2&#8243; _builder_version=&#8221;4.22.0&#8243; _module_preset=&#8221;default&#8221; global_colors_info=&#8221;{}&#8221;][et_pb_image src=&#8221;https:\/\/maudeshotel.se\/wp-content\/uploads\/2024\/01\/imgcard-20.jpg&#8221; title_text=&#8221;imgcard-20&#8243; _builder_version=&#8221;4.22.0&#8243; _module_preset=&#8221;default&#8221; global_colors_info=&#8221;{}&#8221;][\/et_pb_image][\/et_pb_column][\/et_pb_row][et_pb_row column_structure=&#8221;1_2,1_2&#8243; use_custom_gutter=&#8221;on&#8221; gutter_width=&#8221;2&#8243; _builder_version=&#8221;4.22.0&#8243; _module_preset=&#8221;default&#8221; width=&#8221;90%&#8221; max_width=&#8221;1170px&#8221; custom_padding=&#8221;78px||||false|false&#8221; global_colors_info=&#8221;{}&#8221;][et_pb_column type=&#8221;1_2&#8243; _builder_version=&#8221;4.22.0&#8243; _module_preset=&#8221;default&#8221; global_colors_info=&#8221;{}&#8221;][et_pb_map google_api_key=&#8221;AIzaSyCW-Z7Z-HQ8zc4l_fn76cCRQ58nwibHKtw&#8221; address=&#8221;122 48 Enskede, Sverige&#8221; zoom_level=&#8221;12&#8243; address_lat=&#8221;59.2739164&#8243; address_lng=&#8221;18.0715179&#8243; _builder_version=&#8221;4.22.0&#8243; _module_preset=&#8221;default&#8221; height=&#8221;479px&#8221; global_colors_info=&#8221;{}&#8221;][et_pb_map_pin pin_address=&#8221;122 48 Enskede, Sverige&#8221; zoom_level=&#8221;11&#8243; pin_address_lat=&#8221;59.2739164&#8243; pin_address_lng=&#8221;18.0715179&#8243; _builder_version=&#8221;4.22.0&#8243; _module_preset=&#8221;default&#8221; global_colors_info=&#8221;{}&#8221;][\/et_pb_map_pin][\/et_pb_map][\/et_pb_column][et_pb_column type=&#8221;1_2&#8243; _builder_version=&#8221;4.22.0&#8243; _module_preset=&#8221;default&#8221; global_colors_info=&#8221;{}&#8221;][et_pb_text _builder_version=&#8221;4.22.0&#8243; _module_preset=&#8221;default&#8221; header_3_font=&#8221;Playfair Display||on||||||&#8221; header_3_text_align=&#8221;center&#8221; header_3_text_color=&#8221;#5b5b5b&#8221; header_3_font_size=&#8221;18px&#8221; header_3_line_height=&#8221;1.3em&#8221; custom_margin=&#8221;||21px|||&#8221; custom_padding=&#8221;28px|||||&#8221; global_colors_info=&#8221;{}&#8221;]<\/p>\n<h3>DIRECTIONS<\/h3>\n<p>[\/et_pb_text][et_pb_text _builder_version=&#8221;4.22.0&#8243; _module_preset=&#8221;default&#8221; text_text_color=&#8221;#000000&#8243; text_font_size=&#8221;13px&#8221; link_font=&#8221;||||on||||&#8221; link_text_color=&#8221;#000000&#8243; text_orientation=&#8221;center&#8221; global_colors_info=&#8221;{}&#8221;]Maude\u2019s Hotel Enskede is located near Svedmyra subway station, approximately 15 minutes to the city center and 8-10 minutes to Globen\/Tele2 Arena. It takes about 10 minutes by car to reach Stockholmsm\u00e4ssan, and parking is included in our prices. <\/p>\n<p>From Stockholm Central to the hotel: Take the subway towards Hags\u00e4tra (green line) and get off at Svedmyra station. Turn left after exiting the subway station, then take a right; you will see the hotel on the other side of the street. <\/p>\n<p>By car, it takes 15 minutes to Stockholm city, 5 minutes to Stockholm Globe Arena, Tele2 Arena, and Globen shopping, 8 minutes to Stockholmsm\u00e4ssan in \u00c4lvsj\u00f6, and 8 minutes to Skanstull and S\u00f6dermalm. The time estimates are approximate and depend on traffic.<\/p>\n<p>Bus 161 takes about 12 minutes to Stockholmsm\u00e4ssan in \u00c4lvsj\u00f6, with the bus stop located about 50 meters from the hotel. <\/p>\n<p>GPS Latitude\/Longitude: 59.27776232446592,18.070011287927628[\/et_pb_text][\/et_pb_column][\/et_pb_row][\/et_pb_section][et_pb_section fb_built=&#8221;1&#8243; _builder_version=&#8221;4.22.0&#8243; _module_preset=&#8221;default&#8221; background_color=&#8221;#FFFFFF&#8221; custom_margin=&#8221;0px||0px||true|false&#8221; custom_padding=&#8221;78px||78px||true|false&#8221; global_colors_info=&#8221;{}&#8221;][et_pb_row _builder_version=&#8221;4.22.0&#8243; _module_preset=&#8221;default&#8221; global_colors_info=&#8221;{}&#8221;][et_pb_column type=&#8221;4_4&#8243; _builder_version=&#8221;4.22.0&#8243; _module_preset=&#8221;default&#8221; global_colors_info=&#8221;{}&#8221;][et_pb_text _builder_version=&#8221;4.22.0&#8243; _module_preset=&#8221;default&#8221; header_2_font=&#8221;|600||on|||||&#8221; header_2_text_align=&#8221;center&#8221; header_2_text_color=&#8221;#000000&#8243; header_2_font_size=&#8221;32px&#8221; custom_margin=&#8221;0px||-5px||false|false&#8221; custom_padding=&#8221;0px||0px||false|false&#8221; global_colors_info=&#8221;{}&#8221;]<\/p>\n<h2>DO YOU HAVE ANY QUESTIONS OR CONCERNS?<\/h2>\n<p>[\/et_pb_text][et_pb_divider show_divider=&#8221;off&#8221; _builder_version=&#8221;4.22.0&#8243; _module_preset=&#8221;default&#8221; custom_margin=&#8221;|505px||505px|false|true&#8221; custom_padding=&#8221;||||false|true&#8221; border_width_bottom=&#8221;1px&#8221; border_color_bottom=&#8221;#000000&#8243; global_colors_info=&#8221;{}&#8221;][\/et_pb_divider][et_pb_text _builder_version=&#8221;4.22.0&#8243; _module_preset=&#8221;default&#8221; header_3_font=&#8221;Playfair Display||on||||||&#8221; header_3_text_align=&#8221;center&#8221; header_3_text_color=&#8221;#5b5b5b&#8221; header_3_font_size=&#8221;18px&#8221; header_3_line_height=&#8221;1.3em&#8221; custom_margin=&#8221;||21px|||&#8221; custom_padding=&#8221;28px|||||&#8221; global_colors_info=&#8221;{}&#8221;]<\/p>\n<h3>Make a reservation via the contact form<\/h3>\n<p>[\/et_pb_text][\/et_pb_column][\/et_pb_row][et_pb_row use_custom_gutter=&#8221;on&#8221; gutter_width=&#8221;2&#8243; _builder_version=&#8221;4.22.0&#8243; _module_preset=&#8221;default&#8221; width=&#8221;90%&#8221; max_width=&#8221;1170px&#8221; global_colors_info=&#8221;{}&#8221;][et_pb_column type=&#8221;4_4&#8243; _builder_version=&#8221;4.22.0&#8243; _module_preset=&#8221;default&#8221; global_colors_info=&#8221;{}&#8221;][et_pb_contact_form use_spam_service=&#8221;on&#8221; recaptcha_list=&#8221;reCAPTCHA|reCAPTCHA-0&#8243; email=&#8221;enskede@maudeshotel.se&#8221; custom_message=&#8221;Namn: %%Name%%||et_pb_line_break_holder||E-post: %%Email%%||et_pb_line_break_holder||||et_pb_line_break_holder||Meddelande:||et_pb_line_break_holder||%%Message%%&#8221; _builder_version=&#8221;4.24.3&#8243; _module_preset=&#8221;default&#8221; _unique_id=&#8221;751ba687-0eec-454a-9c99-ed3e9b130c48&#8243; form_field_background_color=&#8221;#f5f5f5&#8243; form_field_text_color=&#8221;#000000&#8243; form_field_focus_background_color=&#8221;#f5f5f5&#8243; form_field_focus_text_color=&#8221;#000000&#8243; custom_button=&#8221;on&#8221; button_text_size=&#8221;13px&#8221; button_text_color=&#8221;#000000&#8243; hover_enabled=&#8221;0&#8243; border_width_bottom=&#8221;3px&#8221; border_color_bottom=&#8221;#E0D5C6&#8243; global_colors_info=&#8221;{}&#8221; sticky_enabled=&#8221;0&#8243;][et_pb_contact_field field_id=&#8221;Name&#8221; field_title=&#8221;Name&#8221; _builder_version=&#8221;4.16&#8243; global_colors_info=&#8221;{}&#8221; button_text_size__hover_enabled=&#8221;off&#8221; button_one_text_size__hover_enabled=&#8221;off&#8221; button_two_text_size__hover_enabled=&#8221;off&#8221; button_text_color__hover_enabled=&#8221;off&#8221; button_one_text_color__hover_enabled=&#8221;off&#8221; button_two_text_color__hover_enabled=&#8221;off&#8221; button_border_width__hover_enabled=&#8221;off&#8221; button_one_border_width__hover_enabled=&#8221;off&#8221; button_two_border_width__hover_enabled=&#8221;off&#8221; button_border_color__hover_enabled=&#8221;off&#8221; button_one_border_color__hover_enabled=&#8221;off&#8221; button_two_border_color__hover_enabled=&#8221;off&#8221; button_border_radius__hover_enabled=&#8221;off&#8221; button_one_border_radius__hover_enabled=&#8221;off&#8221; button_two_border_radius__hover_enabled=&#8221;off&#8221; button_letter_spacing__hover_enabled=&#8221;off&#8221; button_one_letter_spacing__hover_enabled=&#8221;off&#8221; button_two_letter_spacing__hover_enabled=&#8221;off&#8221; button_bg_color__hover_enabled=&#8221;off&#8221; button_one_bg_color__hover_enabled=&#8221;off&#8221; button_two_bg_color__hover_enabled=&#8221;off&#8221;][\/et_pb_contact_field][et_pb_contact_field field_id=&#8221;Email&#8221; field_title=&#8221;Email&#8221; field_type=&#8221;email&#8221; _builder_version=&#8221;4.16&#8243; global_colors_info=&#8221;{}&#8221; button_text_size__hover_enabled=&#8221;off&#8221; button_one_text_size__hover_enabled=&#8221;off&#8221; button_two_text_size__hover_enabled=&#8221;off&#8221; button_text_color__hover_enabled=&#8221;off&#8221; button_one_text_color__hover_enabled=&#8221;off&#8221; button_two_text_color__hover_enabled=&#8221;off&#8221; button_border_width__hover_enabled=&#8221;off&#8221; button_one_border_width__hover_enabled=&#8221;off&#8221; button_two_border_width__hover_enabled=&#8221;off&#8221; button_border_color__hover_enabled=&#8221;off&#8221; button_one_border_color__hover_enabled=&#8221;off&#8221; button_two_border_color__hover_enabled=&#8221;off&#8221; button_border_radius__hover_enabled=&#8221;off&#8221; button_one_border_radius__hover_enabled=&#8221;off&#8221; button_two_border_radius__hover_enabled=&#8221;off&#8221; button_letter_spacing__hover_enabled=&#8221;off&#8221; button_one_letter_spacing__hover_enabled=&#8221;off&#8221; button_two_letter_spacing__hover_enabled=&#8221;off&#8221; button_bg_color__hover_enabled=&#8221;off&#8221; button_one_bg_color__hover_enabled=&#8221;off&#8221; button_two_bg_color__hover_enabled=&#8221;off&#8221;][\/et_pb_contact_field][et_pb_contact_field field_id=&#8221;Message&#8221; field_title=&#8221;Message&#8221; field_type=&#8221;text&#8221; fullwidth_field=&#8221;on&#8221; _builder_version=&#8221;4.16&#8243; global_colors_info=&#8221;{}&#8221; button_text_size__hover_enabled=&#8221;off&#8221; button_one_text_size__hover_enabled=&#8221;off&#8221; button_two_text_size__hover_enabled=&#8221;off&#8221; button_text_color__hover_enabled=&#8221;off&#8221; button_one_text_color__hover_enabled=&#8221;off&#8221; button_two_text_color__hover_enabled=&#8221;off&#8221; button_border_width__hover_enabled=&#8221;off&#8221; button_one_border_width__hover_enabled=&#8221;off&#8221; button_two_border_width__hover_enabled=&#8221;off&#8221; button_border_color__hover_enabled=&#8221;off&#8221; button_one_border_color__hover_enabled=&#8221;off&#8221; button_two_border_color__hover_enabled=&#8221;off&#8221; button_border_radius__hover_enabled=&#8221;off&#8221; button_one_border_radius__hover_enabled=&#8221;off&#8221; button_two_border_radius__hover_enabled=&#8221;off&#8221; button_letter_spacing__hover_enabled=&#8221;off&#8221; button_one_letter_spacing__hover_enabled=&#8221;off&#8221; button_two_letter_spacing__hover_enabled=&#8221;off&#8221; button_bg_color__hover_enabled=&#8221;off&#8221; button_one_bg_color__hover_enabled=&#8221;off&#8221; button_two_bg_color__hover_enabled=&#8221;off&#8221;][\/et_pb_contact_field][\/et_pb_contact_form][\/et_pb_column][\/et_pb_row][\/et_pb_section]<\/p>\n","protected":false},"excerpt":{"rendered":"<p>Maude&#8217;s Hotel Enskede08-600 59 00Make a reservation via phoneMaude&#8217;s Hotel EnskedeSvedmyraplan 3 SE-122 48 ENSKEDE Phone: +468-600 59 00 enskede@maudeshotel.seDIRECTIONSMaude\u2019s Hotel Enskede is located near Svedmyra subway station, approximately 15 minutes to the city center and 8-10 minutes to Globen\/Tele2 Arena. It takes about 10 minutes by car to reach Stockholmsm\u00e4ssan, and parking is included [&hellip;]<\/p>\n","protected":false},"author":1,"featured_media":0,"parent":0,"menu_order":0,"comment_status":"closed","ping_status":"closed","template":"","meta":{"_et_pb_use_builder":"on","_et_pb_old_content":"","_et_gb_content_width":"","footnotes":""},"dipi_cpt_category":[],"class_list":["post-26047","page","type-page","status-publish","hentry"],"yoast_head":"<!-- This site is optimized with the Yoast SEO plugin v27.6 - https:\/\/yoast.com\/product\/yoast-seo-wordpress\/ -->\n<title>Contact - Maude&#039;s Hotel - Rofyllda hotell Stockholm<\/title>\n<meta name=\"robots\" content=\"index, follow, max-snippet:-1, max-image-preview:large, max-video-preview:-1\" \/>\n<link rel=\"canonical\" href=\"https:\/\/maudeshotel.se\/kontakt\/\" \/>\n<meta property=\"og:locale\" content=\"en_US\" \/>\n<meta property=\"og:type\" content=\"article\" \/>\n<meta property=\"og:title\" content=\"Contact - Maude&#039;s Hotel - Rofyllda hotell Stockholm\" \/>\n<meta property=\"og:description\" content=\"Maude&#039;s Hotel Enskede08-600 59 00Make a reservation via phoneMaude&#039;s Hotel EnskedeSvedmyraplan 3 SE-122 48 ENSKEDE Phone: +468-600 59 00 enskede@maudeshotel.seDIRECTIONSMaude\u2019s Hotel Enskede is located near Svedmyra subway station, approximately 15 minutes to the city center and 8-10 minutes to Globen\/Tele2 Arena. It takes about 10 minutes by car to reach Stockholmsm\u00e4ssan, and parking is included [&hellip;]\" \/>\n<meta property=\"og:url\" content=\"https:\/\/maudeshotel.se\/kontakt\/\" \/>\n<meta property=\"og:site_name\" content=\"Maude&#039;s Hotel - Rofyllda hotell Stockholm\" \/>\n<meta property=\"article:publisher\" content=\"https:\/\/www.facebook.com\/maudeshotelenskede\" \/>\n<meta property=\"article:modified_time\" content=\"2024-04-29T07:25:44+00:00\" \/>\n<meta name=\"twitter:card\" content=\"summary_large_image\" \/>\n<meta name=\"twitter:label1\" content=\"Est. reading time\" \/>\n\t<meta name=\"twitter:data1\" content=\"9 minutes\" \/>\n<script type=\"application\/ld+json\" class=\"yoast-schema-graph\">{\"@context\":\"https:\\\/\\\/schema.org\",\"@graph\":[{\"@type\":\"WebPage\",\"@id\":\"https:\\\/\\\/maudeshotel.se\\\/kontakt\\\/\",\"url\":\"https:\\\/\\\/maudeshotel.se\\\/kontakt\\\/\",\"name\":\"Contact - Maude&#039;s Hotel - Rofyllda hotell Stockholm\",\"isPartOf\":{\"@id\":\"https:\\\/\\\/maudeshotel.se\\\/#website\"},\"datePublished\":\"2024-01-17T14:46:30+00:00\",\"dateModified\":\"2024-04-29T07:25:44+00:00\",\"breadcrumb\":{\"@id\":\"https:\\\/\\\/maudeshotel.se\\\/kontakt\\\/#breadcrumb\"},\"inLanguage\":\"en-US\",\"potentialAction\":[{\"@type\":\"ReadAction\",\"target\":[\"https:\\\/\\\/maudeshotel.se\\\/kontakt\\\/\"]}]},{\"@type\":\"BreadcrumbList\",\"@id\":\"https:\\\/\\\/maudeshotel.se\\\/kontakt\\\/#breadcrumb\",\"itemListElement\":[{\"@type\":\"ListItem\",\"position\":1,\"name\":\"Hem\",\"item\":\"https:\\\/\\\/maudeshotel.se\\\/en\\\/home\\\/\"},{\"@type\":\"ListItem\",\"position\":2,\"name\":\"Contact\"}]},{\"@type\":\"WebSite\",\"@id\":\"https:\\\/\\\/maudeshotel.se\\\/#website\",\"url\":\"https:\\\/\\\/maudeshotel.se\\\/\",\"name\":\"Maude's Hotel - Rofyllda hotell Stockholm\",\"description\":\"Hotell i Enskede - 3 stj\u00e4rniga hotell n\u00e4ra tunnelbana till Stockholm city! V\u00e4lkomna!\",\"publisher\":{\"@id\":\"https:\\\/\\\/maudeshotel.se\\\/#organization\"},\"potentialAction\":[{\"@type\":\"SearchAction\",\"target\":{\"@type\":\"EntryPoint\",\"urlTemplate\":\"https:\\\/\\\/maudeshotel.se\\\/?s={search_term_string}\"},\"query-input\":{\"@type\":\"PropertyValueSpecification\",\"valueRequired\":true,\"valueName\":\"search_term_string\"}}],\"inLanguage\":\"en-US\"},{\"@type\":\"Organization\",\"@id\":\"https:\\\/\\\/maudeshotel.se\\\/#organization\",\"name\":\"Maude's Hotel - Rofyllda hotell Stockholm\",\"url\":\"https:\\\/\\\/maudeshotel.se\\\/\",\"logo\":{\"@type\":\"ImageObject\",\"inLanguage\":\"en-US\",\"@id\":\"https:\\\/\\\/maudeshotel.se\\\/#\\\/schema\\\/logo\\\/image\\\/\",\"url\":\"https:\\\/\\\/maudeshotel.se\\\/wp-content\\\/uploads\\\/2024\\\/02\\\/Maudes-Hotel-Enskede.png\",\"contentUrl\":\"https:\\\/\\\/maudeshotel.se\\\/wp-content\\\/uploads\\\/2024\\\/02\\\/Maudes-Hotel-Enskede.png\",\"width\":1000,\"height\":726,\"caption\":\"Maude's Hotel - Rofyllda hotell Stockholm\"},\"image\":{\"@id\":\"https:\\\/\\\/maudeshotel.se\\\/#\\\/schema\\\/logo\\\/image\\\/\"},\"sameAs\":[\"https:\\\/\\\/www.facebook.com\\\/maudeshotelenskede\",\"https:\\\/\\\/www.instagram.com\\\/maudeshotelenskede\\\/\"]}]}<\/script>\n<!-- \/ Yoast SEO plugin. -->","yoast_head_json":{"title":"Contact - Maude&#039;s Hotel - Rofyllda hotell Stockholm","robots":{"index":"index","follow":"follow","max-snippet":"max-snippet:-1","max-image-preview":"max-image-preview:large","max-video-preview":"max-video-preview:-1"},"canonical":"https:\/\/maudeshotel.se\/kontakt\/","og_locale":"en_US","og_type":"article","og_title":"Contact - Maude&#039;s Hotel - Rofyllda hotell Stockholm","og_description":"Maude's Hotel Enskede08-600 59 00Make a reservation via phoneMaude's Hotel EnskedeSvedmyraplan 3 SE-122 48 ENSKEDE Phone: +468-600 59 00 enskede@maudeshotel.seDIRECTIONSMaude\u2019s Hotel Enskede is located near Svedmyra subway station, approximately 15 minutes to the city center and 8-10 minutes to Globen\/Tele2 Arena. It takes about 10 minutes by car to reach Stockholmsm\u00e4ssan, and parking is included [&hellip;]","og_url":"https:\/\/maudeshotel.se\/kontakt\/","og_site_name":"Maude&#039;s Hotel - Rofyllda hotell Stockholm","article_publisher":"https:\/\/www.facebook.com\/maudeshotelenskede","article_modified_time":"2024-04-29T07:25:44+00:00","twitter_card":"summary_large_image","twitter_misc":{"Est. reading time":"9 minutes"},"schema":{"@context":"https:\/\/schema.org","@graph":[{"@type":"WebPage","@id":"https:\/\/maudeshotel.se\/kontakt\/","url":"https:\/\/maudeshotel.se\/kontakt\/","name":"Contact - Maude&#039;s Hotel - Rofyllda hotell Stockholm","isPartOf":{"@id":"https:\/\/maudeshotel.se\/#website"},"datePublished":"2024-01-17T14:46:30+00:00","dateModified":"2024-04-29T07:25:44+00:00","breadcrumb":{"@id":"https:\/\/maudeshotel.se\/kontakt\/#breadcrumb"},"inLanguage":"en-US","potentialAction":[{"@type":"ReadAction","target":["https:\/\/maudeshotel.se\/kontakt\/"]}]},{"@type":"BreadcrumbList","@id":"https:\/\/maudeshotel.se\/kontakt\/#breadcrumb","itemListElement":[{"@type":"ListItem","position":1,"name":"Hem","item":"https:\/\/maudeshotel.se\/en\/home\/"},{"@type":"ListItem","position":2,"name":"Contact"}]},{"@type":"WebSite","@id":"https:\/\/maudeshotel.se\/#website","url":"https:\/\/maudeshotel.se\/","name":"Maude's Hotel - Rofyllda hotell Stockholm","description":"Hotell i Enskede - 3 stj\u00e4rniga hotell n\u00e4ra tunnelbana till Stockholm city! V\u00e4lkomna!","publisher":{"@id":"https:\/\/maudeshotel.se\/#organization"},"potentialAction":[{"@type":"SearchAction","target":{"@type":"EntryPoint","urlTemplate":"https:\/\/maudeshotel.se\/?s={search_term_string}"},"query-input":{"@type":"PropertyValueSpecification","valueRequired":true,"valueName":"search_term_string"}}],"inLanguage":"en-US"},{"@type":"Organization","@id":"https:\/\/maudeshotel.se\/#organization","name":"Maude's Hotel - Rofyllda hotell Stockholm","url":"https:\/\/maudeshotel.se\/","logo":{"@type":"ImageObject","inLanguage":"en-US","@id":"https:\/\/maudeshotel.se\/#\/schema\/logo\/image\/","url":"https:\/\/maudeshotel.se\/wp-content\/uploads\/2024\/02\/Maudes-Hotel-Enskede.png","contentUrl":"https:\/\/maudeshotel.se\/wp-content\/uploads\/2024\/02\/Maudes-Hotel-Enskede.png","width":1000,"height":726,"caption":"Maude's Hotel - Rofyllda hotell Stockholm"},"image":{"@id":"https:\/\/maudeshotel.se\/#\/schema\/logo\/image\/"},"sameAs":["https:\/\/www.facebook.com\/maudeshotelenskede","https:\/\/www.instagram.com\/maudeshotelenskede\/"]}]}},"_links":{"self":[{"href":"https:\/\/maudeshotel.se\/en\/wp-json\/wp\/v2\/pages\/26047","targetHints":{"allow":["GET"]}}],"collection":[{"href":"https:\/\/maudeshotel.se\/en\/wp-json\/wp\/v2\/pages"}],"about":[{"href":"https:\/\/maudeshotel.se\/en\/wp-json\/wp\/v2\/types\/page"}],"author":[{"embeddable":true,"href":"https:\/\/maudeshotel.se\/en\/wp-json\/wp\/v2\/users\/1"}],"replies":[{"embeddable":true,"href":"https:\/\/maudeshotel.se\/en\/wp-json\/wp\/v2\/comments?post=26047"}],"version-history":[{"count":21,"href":"https:\/\/maudeshotel.se\/en\/wp-json\/wp\/v2\/pages\/26047\/revisions"}],"predecessor-version":[{"id":26453,"href":"https:\/\/maudeshotel.se\/en\/wp-json\/wp\/v2\/pages\/26047\/revisions\/26453"}],"wp:attachment":[{"href":"https:\/\/maudeshotel.se\/en\/wp-json\/wp\/v2\/media?parent=26047"}],"wp:term":[{"taxonomy":"dipi_cpt_category","embeddable":true,"href":"https:\/\/maudeshotel.se\/en\/wp-json\/wp\/v2\/dipi_cpt_category?post=26047"}],"curies":[{"name":"wp","href":"https:\/\/api.w.org\/{rel}","templated":true}]}}