{"id":26045,"date":"2024-01-17T15:46:14","date_gmt":"2024-01-17T14:46:14","guid":{"rendered":"https:\/\/develop.visionmedia.nu\/maudeshotel\/offers\/"},"modified":"2024-04-05T11:37:15","modified_gmt":"2024-04-05T09:37:15","slug":"offers","status":"publish","type":"page","link":"https:\/\/maudeshotel.se\/en\/offers\/","title":{"rendered":"Offers"},"content":{"rendered":"<p>[et_pb_section fb_built=&#8221;1&#8243; _builder_version=&#8221;4.22.0&#8243; _module_preset=&#8221;default&#8221; background_color=&#8221;rgba(0,0,0,0.3)&#8221; background_image=&#8221;https:\/\/maudeshotel.se\/wp-content\/uploads\/2024\/01\/imgacard-27.jpg&#8221; background_blend=&#8221;overlay&#8221; custom_margin=&#8221;-220px||||false|false&#8221; custom_margin_tablet=&#8221;0px||||false|false&#8221; custom_margin_phone=&#8221;0px||||false|false&#8221; custom_margin_last_edited=&#8221;on|desktop&#8221; custom_padding=&#8221;15vw||7vw||false|false&#8221; global_colors_info=&#8221;{}&#8221;][et_pb_row _builder_version=&#8221;4.22.0&#8243; _module_preset=&#8221;default&#8221; global_colors_info=&#8221;{}&#8221;][et_pb_column type=&#8221;4_4&#8243; _builder_version=&#8221;4.22.0&#8243; _module_preset=&#8221;default&#8221; global_colors_info=&#8221;{}&#8221;][et_pb_post_title meta=&#8221;off&#8221; featured_image=&#8221;off&#8221; _builder_version=&#8221;4.24.0&#8243; _module_preset=&#8221;default&#8221; title_font=&#8221;Playfair Display|700|on||||||&#8221; title_text_align=&#8221;center&#8221; title_text_color=&#8221;#FFFFFF&#8221; title_font_size=&#8221;80px&#8221; title_letter_spacing=&#8221;5px&#8221; custom_margin=&#8221;||2px||false|false&#8221; custom_margin_tablet=&#8221;34px||2px||false|false&#8221; custom_margin_phone=&#8221;32px||||false|false&#8221; custom_margin_last_edited=&#8221;on|phone&#8221; title_font_size_tablet=&#8221;47px&#8221; title_font_size_phone=&#8221;42px&#8221; title_font_size_last_edited=&#8221;on|phone&#8221; title_letter_spacing_tablet=&#8221;5px&#8221; title_letter_spacing_phone=&#8221;2px&#8221; title_letter_spacing_last_edited=&#8221;on|tablet&#8221; title_text_shadow_style=&#8221;preset1&#8243; global_colors_info=&#8221;{}&#8221;][\/et_pb_post_title][et_pb_text _builder_version=&#8221;4.24.0&#8243; _module_preset=&#8221;default&#8221; text_font=&#8221;Playfair Display||||||||&#8221; text_text_color=&#8221;#FFFFFF&#8221; text_font_size=&#8221;33px&#8221; text_orientation=&#8221;center&#8221; custom_margin=&#8221;42px||||false|false&#8221; text_font_size_tablet=&#8221;33px&#8221; text_font_size_phone=&#8221;29px&#8221; text_font_size_last_edited=&#8221;on|phone&#8221; text_text_shadow_style=&#8221;preset1&#8243; locked=&#8221;off&#8221; global_colors_info=&#8221;{}&#8221;]<\/p>\n<p>Maude&#8217;s Hotel Enskede<\/p>\n<p>[\/et_pb_text][\/et_pb_column][\/et_pb_row][\/et_pb_section][et_pb_section fb_built=&#8221;1&#8243; _builder_version=&#8221;4.24.0&#8243; _module_preset=&#8221;default&#8221; custom_margin=&#8221;0px||78px||false|false&#8221; global_colors_info=&#8221;{}&#8221;][et_pb_row column_structure=&#8221;1_2,1_2&#8243; _builder_version=&#8221;4.22.0&#8243; _module_preset=&#8221;default&#8221; width=&#8221;90%&#8221; max_width=&#8221;1170px&#8221; global_colors_info=&#8221;{}&#8221;][et_pb_column type=&#8221;1_2&#8243; _builder_version=&#8221;4.22.0&#8243; _module_preset=&#8221;default&#8221; global_colors_info=&#8221;{}&#8221;][et_pb_text _builder_version=&#8221;4.22.0&#8243; _module_preset=&#8221;default&#8221; header_2_font=&#8221;|600||on|||||&#8221; header_2_text_align=&#8221;center&#8221; header_2_text_color=&#8221;#000000&#8243; header_2_font_size=&#8221;32px&#8221; custom_margin=&#8221;0px||-5px||false|false&#8221; custom_padding=&#8221;0px||0px||false|false&#8221; global_colors_info=&#8221;{}&#8221;]<\/p>\n<h2>Offers<\/h2>\n<p>[\/et_pb_text][et_pb_divider show_divider=&#8221;off&#8221; _builder_version=&#8221;4.22.0&#8243; _module_preset=&#8221;default&#8221; custom_margin=&#8221;|213px||213px|false|false&#8221; custom_padding=&#8221;||||false|true&#8221; border_width_bottom=&#8221;2px&#8221; border_color_bottom=&#8221;#000000&#8243; global_colors_info=&#8221;{}&#8221;][\/et_pb_divider][et_pb_text _builder_version=&#8221;4.22.0&#8243; _module_preset=&#8221;default&#8221; header_3_font=&#8221;Playfair Display||on||||||&#8221; header_3_text_align=&#8221;center&#8221; header_3_text_color=&#8221;#5b5b5b&#8221; header_3_font_size=&#8221;18px&#8221; header_3_line_height=&#8221;1.3em&#8221; custom_margin=&#8221;||21px|||&#8221; custom_padding=&#8221;28px|||||&#8221; global_colors_info=&#8221;{}&#8221;]<\/p>\n<h3>Offers at Maude\u2019s Enskede in Stockholm<\/h3>\n<p>[\/et_pb_text][et_pb_text _builder_version=&#8221;4.22.0&#8243; _module_preset=&#8221;default&#8221; text_text_color=&#8221;#000000&#8243; text_font_size=&#8221;13px&#8221; text_orientation=&#8221;center&#8221; global_colors_info=&#8221;{}&#8221;]Lorem Ipsum is simply dummy text of the printing and typesetting industry. Lorem Ipsum has been the industry&#8217;s standard dummy text ever since the 1500s, when an unknown printer took a galley of type and scrambled it to make a type specimen book. I[\/et_pb_text][et_pb_button button_url=&#8221;@ET-DC@eyJkeW5hbWljIjp0cnVlLCJjb250ZW50IjoicG9zdF9saW5rX3VybF9wYWdlIiwic2V0dGluZ3MiOnsicG9zdF9pZCI6IjI1ODYwIiwiZW5hYmxlX2h0bWwiOiJvZmYifX0=@&#8221; button_text=&#8221;Contact us.&#8221; button_alignment=&#8221;center&#8221; _builder_version=&#8221;4.22.0&#8243; _dynamic_attributes=&#8221;button_url&#8221; _module_preset=&#8221;default&#8221; custom_button=&#8221;on&#8221; button_text_size=&#8221;15px&#8221; button_text_color=&#8221;#000000&#8243; button_font=&#8221;|600||on|||||&#8221; position_origin_a=&#8221;top_right&#8221; horizontal_offset=&#8221;216px&#8221; custom_padding=&#8221;11px|28px|11px|28px|true|true&#8221; global_colors_info=&#8221;{}&#8221;][\/et_pb_button][\/et_pb_column][et_pb_column type=&#8221;1_2&#8243; _builder_version=&#8221;4.22.0&#8243; _module_preset=&#8221;default&#8221; global_colors_info=&#8221;{}&#8221;][dipi_masonry_gallery gallery_ids=&#8221;25815,25816&#8243; columns=&#8221;2&#8243; gutter=&#8221;37&#8243; _builder_version=&#8221;4.22.0&#8243; _module_preset=&#8221;default&#8221; global_colors_info=&#8221;{}&#8221;][\/dipi_masonry_gallery][\/et_pb_column][\/et_pb_row][\/et_pb_section]<\/p>\n","protected":false},"excerpt":{"rendered":"<p>Maude&#8217;s Hotel EnskedeOffersOffers at Maude\u2019s Enskede in StockholmLorem Ipsum is simply dummy text of the printing and typesetting industry. Lorem Ipsum has been the industry&#8217;s standard dummy text ever since the 1500s, when an unknown printer took a galley of type and scrambled it to make a type specimen book. I<div class=\"et_pb_module dipi_masonry_gallery dipi_masonry_gallery_0\">\n\t\t\t\t\n\t\t\t\t\n\t\t\t\t\n\t\t\t\t\n\t\t\t\t\n\t\t\t\t\n\t\t\t\t<div class=\"et_pb_module_inner\">\n\t\t\t\t\t<div class=\"dipi_masonry_gallery_wrapper\" data-config=\"{&quot;infinite_scroll_viewport&quot;:&quot;25%&quot;}\">\n                \n            <div\n                class=\"dipi_masonry_gallery_container animated none\"\n                \n                data-count=\"2\"\n                data-anim=\"none\"\n            >\n                <div class=\"grid show_lightbox show_lightbox_tablet show_lightbox_phone hide_overlay \" data-lazy=\"false\" >\n                    <div class=\"grid-sizer\"><\/div><div class=\"gutter-sizer\"><\/div><div class=\"grid-item et_pb_gallery_image \">\n                       \n                        <div class=\"img-container dipi-mg-animation dipi-mg-none\" href=\"https:\/\/maudeshotel.se\/wp-content\/uploads\/2024\/01\/imgacard-23.jpg\">\n                            <img decoding=\"async\" src=\"https:\/\/maudeshotel.se\/wp-content\/uploads\/2024\/01\/imgacard-23.jpg\"\n                                alt=\"\"\n                                loading=\"lazy\"\n                            \/>\n                            <span class=\"dipi_masonry_gallery_overlay background\"><\/span>\n                <span class=\"dipi_masonry_gallery_overlay background-hover\"><\/span>\n                <span class=\"dipi_masonry_gallery_overlay content\" style=\"transition-duration: 0ms;\">\n                    <div class=\"et-pb-icon  dipi-mansonry-gallery-icon animated fadeInUp\"data-no-icon><\/div>\n                    \n                    \n                <\/span>\n                        <\/div>\n                    \n                <\/div>\n                <\/div>\n                \n            <\/div>\n            \n            <\/div>\n             \n\t\t\t\t<\/div>\n\t\t\t<\/div><\/p>\n","protected":false},"author":1,"featured_media":0,"parent":0,"menu_order":0,"comment_status":"closed","ping_status":"closed","template":"","meta":{"_et_pb_use_builder":"on","_et_pb_old_content":"","_et_gb_content_width":"","footnotes":""},"dipi_cpt_category":[],"class_list":["post-26045","page","type-page","status-publish","hentry"],"yoast_head":"<!-- This site is optimized with the Yoast SEO plugin v27.5 - https:\/\/yoast.com\/product\/yoast-seo-wordpress\/ -->\n<title>Offers - Maude&#039;s Hotel - Rofyllda hotell Stockholm<\/title>\n<meta name=\"robots\" content=\"index, follow, max-snippet:-1, max-image-preview:large, max-video-preview:-1\" \/>\n<link rel=\"canonical\" href=\"https:\/\/maudeshotel.se\/en\/offers\/\" \/>\n<meta property=\"og:locale\" content=\"en_US\" \/>\n<meta property=\"og:type\" content=\"article\" \/>\n<meta property=\"og:title\" content=\"Offers - Maude&#039;s Hotel - Rofyllda hotell Stockholm\" \/>\n<meta property=\"og:description\" content=\"Maude&#039;s Hotel EnskedeOffersOffers at Maude\u2019s Enskede in StockholmLorem Ipsum is simply dummy text of the printing and typesetting industry. Lorem Ipsum has been the industry&#039;s standard dummy text ever since the 1500s, when an unknown printer took a galley of type and scrambled it to make a type specimen book. I\" \/>\n<meta property=\"og:url\" content=\"https:\/\/maudeshotel.se\/en\/offers\/\" \/>\n<meta property=\"og:site_name\" content=\"Maude&#039;s Hotel - Rofyllda hotell Stockholm\" \/>\n<meta property=\"article:publisher\" content=\"https:\/\/www.facebook.com\/maudeshotelenskede\" \/>\n<meta property=\"article:modified_time\" content=\"2024-04-05T09:37:15+00:00\" \/>\n<meta name=\"twitter:card\" content=\"summary_large_image\" \/>\n<meta name=\"twitter:label1\" content=\"Est. reading time\" \/>\n\t<meta name=\"twitter:data1\" content=\"3 minutes\" \/>\n<script type=\"application\/ld+json\" class=\"yoast-schema-graph\">{\"@context\":\"https:\\\/\\\/schema.org\",\"@graph\":[{\"@type\":\"WebPage\",\"@id\":\"https:\\\/\\\/maudeshotel.se\\\/en\\\/offers\\\/\",\"url\":\"https:\\\/\\\/maudeshotel.se\\\/en\\\/offers\\\/\",\"name\":\"Offers - Maude&#039;s Hotel - Rofyllda hotell Stockholm\",\"isPartOf\":{\"@id\":\"https:\\\/\\\/maudeshotel.se\\\/#website\"},\"datePublished\":\"2024-01-17T14:46:14+00:00\",\"dateModified\":\"2024-04-05T09:37:15+00:00\",\"breadcrumb\":{\"@id\":\"https:\\\/\\\/maudeshotel.se\\\/en\\\/offers\\\/#breadcrumb\"},\"inLanguage\":\"en-US\",\"potentialAction\":[{\"@type\":\"ReadAction\",\"target\":[\"https:\\\/\\\/maudeshotel.se\\\/en\\\/offers\\\/\"]}]},{\"@type\":\"BreadcrumbList\",\"@id\":\"https:\\\/\\\/maudeshotel.se\\\/en\\\/offers\\\/#breadcrumb\",\"itemListElement\":[{\"@type\":\"ListItem\",\"position\":1,\"name\":\"Hem\",\"item\":\"https:\\\/\\\/maudeshotel.se\\\/en\\\/home\\\/\"},{\"@type\":\"ListItem\",\"position\":2,\"name\":\"Offers\"}]},{\"@type\":\"WebSite\",\"@id\":\"https:\\\/\\\/maudeshotel.se\\\/#website\",\"url\":\"https:\\\/\\\/maudeshotel.se\\\/\",\"name\":\"Maude's Hotel - Rofyllda hotell Stockholm\",\"description\":\"Hotell i Enskede - 3 stj\u00e4rniga hotell n\u00e4ra tunnelbana till Stockholm city! V\u00e4lkomna!\",\"publisher\":{\"@id\":\"https:\\\/\\\/maudeshotel.se\\\/#organization\"},\"potentialAction\":[{\"@type\":\"SearchAction\",\"target\":{\"@type\":\"EntryPoint\",\"urlTemplate\":\"https:\\\/\\\/maudeshotel.se\\\/?s={search_term_string}\"},\"query-input\":{\"@type\":\"PropertyValueSpecification\",\"valueRequired\":true,\"valueName\":\"search_term_string\"}}],\"inLanguage\":\"en-US\"},{\"@type\":\"Organization\",\"@id\":\"https:\\\/\\\/maudeshotel.se\\\/#organization\",\"name\":\"Maude's Hotel - Rofyllda hotell Stockholm\",\"url\":\"https:\\\/\\\/maudeshotel.se\\\/\",\"logo\":{\"@type\":\"ImageObject\",\"inLanguage\":\"en-US\",\"@id\":\"https:\\\/\\\/maudeshotel.se\\\/#\\\/schema\\\/logo\\\/image\\\/\",\"url\":\"https:\\\/\\\/maudeshotel.se\\\/wp-content\\\/uploads\\\/2024\\\/02\\\/Maudes-Hotel-Enskede.png\",\"contentUrl\":\"https:\\\/\\\/maudeshotel.se\\\/wp-content\\\/uploads\\\/2024\\\/02\\\/Maudes-Hotel-Enskede.png\",\"width\":1000,\"height\":726,\"caption\":\"Maude's Hotel - Rofyllda hotell Stockholm\"},\"image\":{\"@id\":\"https:\\\/\\\/maudeshotel.se\\\/#\\\/schema\\\/logo\\\/image\\\/\"},\"sameAs\":[\"https:\\\/\\\/www.facebook.com\\\/maudeshotelenskede\",\"https:\\\/\\\/www.instagram.com\\\/maudeshotelenskede\\\/\"]}]}<\/script>\n<!-- \/ Yoast SEO plugin. -->","yoast_head_json":{"title":"Offers - Maude&#039;s Hotel - Rofyllda hotell Stockholm","robots":{"index":"index","follow":"follow","max-snippet":"max-snippet:-1","max-image-preview":"max-image-preview:large","max-video-preview":"max-video-preview:-1"},"canonical":"https:\/\/maudeshotel.se\/en\/offers\/","og_locale":"en_US","og_type":"article","og_title":"Offers - Maude&#039;s Hotel - Rofyllda hotell Stockholm","og_description":"Maude's Hotel EnskedeOffersOffers at Maude\u2019s Enskede in StockholmLorem Ipsum is simply dummy text of the printing and typesetting industry. Lorem Ipsum has been the industry's standard dummy text ever since the 1500s, when an unknown printer took a galley of type and scrambled it to make a type specimen book. I","og_url":"https:\/\/maudeshotel.se\/en\/offers\/","og_site_name":"Maude&#039;s Hotel - Rofyllda hotell Stockholm","article_publisher":"https:\/\/www.facebook.com\/maudeshotelenskede","article_modified_time":"2024-04-05T09:37:15+00:00","twitter_card":"summary_large_image","twitter_misc":{"Est. reading time":"3 minutes"},"schema":{"@context":"https:\/\/schema.org","@graph":[{"@type":"WebPage","@id":"https:\/\/maudeshotel.se\/en\/offers\/","url":"https:\/\/maudeshotel.se\/en\/offers\/","name":"Offers - Maude&#039;s Hotel - Rofyllda hotell Stockholm","isPartOf":{"@id":"https:\/\/maudeshotel.se\/#website"},"datePublished":"2024-01-17T14:46:14+00:00","dateModified":"2024-04-05T09:37:15+00:00","breadcrumb":{"@id":"https:\/\/maudeshotel.se\/en\/offers\/#breadcrumb"},"inLanguage":"en-US","potentialAction":[{"@type":"ReadAction","target":["https:\/\/maudeshotel.se\/en\/offers\/"]}]},{"@type":"BreadcrumbList","@id":"https:\/\/maudeshotel.se\/en\/offers\/#breadcrumb","itemListElement":[{"@type":"ListItem","position":1,"name":"Hem","item":"https:\/\/maudeshotel.se\/en\/home\/"},{"@type":"ListItem","position":2,"name":"Offers"}]},{"@type":"WebSite","@id":"https:\/\/maudeshotel.se\/#website","url":"https:\/\/maudeshotel.se\/","name":"Maude's Hotel - Rofyllda hotell Stockholm","description":"Hotell i Enskede - 3 stj\u00e4rniga hotell n\u00e4ra tunnelbana till Stockholm city! V\u00e4lkomna!","publisher":{"@id":"https:\/\/maudeshotel.se\/#organization"},"potentialAction":[{"@type":"SearchAction","target":{"@type":"EntryPoint","urlTemplate":"https:\/\/maudeshotel.se\/?s={search_term_string}"},"query-input":{"@type":"PropertyValueSpecification","valueRequired":true,"valueName":"search_term_string"}}],"inLanguage":"en-US"},{"@type":"Organization","@id":"https:\/\/maudeshotel.se\/#organization","name":"Maude's Hotel - Rofyllda hotell Stockholm","url":"https:\/\/maudeshotel.se\/","logo":{"@type":"ImageObject","inLanguage":"en-US","@id":"https:\/\/maudeshotel.se\/#\/schema\/logo\/image\/","url":"https:\/\/maudeshotel.se\/wp-content\/uploads\/2024\/02\/Maudes-Hotel-Enskede.png","contentUrl":"https:\/\/maudeshotel.se\/wp-content\/uploads\/2024\/02\/Maudes-Hotel-Enskede.png","width":1000,"height":726,"caption":"Maude's Hotel - Rofyllda hotell Stockholm"},"image":{"@id":"https:\/\/maudeshotel.se\/#\/schema\/logo\/image\/"},"sameAs":["https:\/\/www.facebook.com\/maudeshotelenskede","https:\/\/www.instagram.com\/maudeshotelenskede\/"]}]}},"_links":{"self":[{"href":"https:\/\/maudeshotel.se\/en\/wp-json\/wp\/v2\/pages\/26045","targetHints":{"allow":["GET"]}}],"collection":[{"href":"https:\/\/maudeshotel.se\/en\/wp-json\/wp\/v2\/pages"}],"about":[{"href":"https:\/\/maudeshotel.se\/en\/wp-json\/wp\/v2\/types\/page"}],"author":[{"embeddable":true,"href":"https:\/\/maudeshotel.se\/en\/wp-json\/wp\/v2\/users\/1"}],"replies":[{"embeddable":true,"href":"https:\/\/maudeshotel.se\/en\/wp-json\/wp\/v2\/comments?post=26045"}],"version-history":[{"count":23,"href":"https:\/\/maudeshotel.se\/en\/wp-json\/wp\/v2\/pages\/26045\/revisions"}],"predecessor-version":[{"id":26404,"href":"https:\/\/maudeshotel.se\/en\/wp-json\/wp\/v2\/pages\/26045\/revisions\/26404"}],"wp:attachment":[{"href":"https:\/\/maudeshotel.se\/en\/wp-json\/wp\/v2\/media?parent=26045"}],"wp:term":[{"taxonomy":"dipi_cpt_category","embeddable":true,"href":"https:\/\/maudeshotel.se\/en\/wp-json\/wp\/v2\/dipi_cpt_category?post=26045"}],"curies":[{"name":"wp","href":"https:\/\/api.w.org\/{rel}","templated":true}]}}