{"id":26033,"date":"2024-01-17T13:05:59","date_gmt":"2024-01-17T12:05:59","guid":{"rendered":"https:\/\/develop.visionmedia.nu\/maudeshotel\/home\/"},"modified":"2024-04-29T10:48:56","modified_gmt":"2024-04-29T08:48:56","slug":"home","status":"publish","type":"page","link":"https:\/\/maudeshotel.se\/en\/","title":{"rendered":"Home"},"content":{"rendered":"<p>[et_pb_section fb_built=&#8221;1&#8243; _builder_version=&#8221;4.24.0&#8243; _module_preset=&#8221;default&#8221; background_color=&#8221;rgba(0,0,0,0.57)&#8221; background_image=&#8221;https:\/\/maudeshotel.se\/wp-content\/uploads\/2024\/01\/imgacard-20.jpg&#8221; background_blend=&#8221;overlay&#8221; custom_margin=&#8221;-220px||||false|false&#8221; custom_margin_tablet=&#8221;0px||||false|false&#8221; custom_margin_phone=&#8221;0px||||false|false&#8221; custom_margin_last_edited=&#8221;on|phone&#8221; custom_padding=&#8221;19vw||15vw||false|false&#8221; global_colors_info=&#8221;{}&#8221;][et_pb_row _builder_version=&#8221;4.24.2&#8243; _module_preset=&#8221;default&#8221; max_width=&#8221;100%&#8221; border_color_all=&#8221;#fbede1&#8243; global_colors_info=&#8221;{}&#8221;][et_pb_column type=&#8221;4_4&#8243; _builder_version=&#8221;4.24.2&#8243; _module_preset=&#8221;default&#8221; global_colors_info=&#8221;{}&#8221;][et_pb_image src=&#8221;https:\/\/maudeshotel.se\/wp-content\/uploads\/2024\/02\/Maudes-Hotel-Enskede_vit.png&#8221; title_text=&#8221;Maudes Hotel Enskede_vit&#8221; _builder_version=&#8221;4.24.2&#8243; _module_preset=&#8221;default&#8221; height=&#8221;350px&#8221; height_tablet=&#8221;150px&#8221; height_phone=&#8221;100px&#8221; height_last_edited=&#8221;on|tablet&#8221; global_colors_info=&#8221;{}&#8221;][\/et_pb_image][\/et_pb_column][\/et_pb_row][et_pb_row disabled_on=&#8221;off|off|off&#8221; _builder_version=&#8221;4.24.0&#8243; _module_preset=&#8221;default&#8221; custom_margin=&#8221;||||false|false&#8221; global_colors_info=&#8221;{}&#8221;][et_pb_column type=&#8221;4_4&#8243; _builder_version=&#8221;4.24.0&#8243; _module_preset=&#8221;default&#8221; custom_css_main_element=&#8221;display: flex;||justify-content: center;||flex-wrap: wrap;&#8221; global_colors_info=&#8221;{}&#8221; custom_css_main_element_last_edited=&#8221;on|tablet&#8221; custom_css_main_element_phone=&#8221;display: flex;||justify-content: center;||flex-wrap: wrap;||flex-direction: column&#8221; custom_css_main_element_tablet=&#8221;display: flex;||justify-content: center;||flex-wrap: wrap;&#8221;][et_pb_button button_url=&#8221;@ET-DC@eyJkeW5hbWljIjp0cnVlLCJjb250ZW50IjoicG9zdF9saW5rX3VybF9wYWdlIiwic2V0dGluZ3MiOnsicG9zdF9pZCI6IjI1ODYwIiwiZW5hYmxlX2h0bWwiOiJvZmYifX0=@&#8221; button_text=&#8221;Contact us.&#8221; button_alignment=&#8221;center&#8221; _builder_version=&#8221;4.24.0&#8243; _dynamic_attributes=&#8221;button_url&#8221; _module_preset=&#8221;default&#8221; custom_button=&#8221;on&#8221; button_text_size=&#8221;13px&#8221; button_text_color=&#8221;#FFFFFF&#8221; button_bg_color=&#8221;RGBA(255,255,255,0)&#8221; button_border_width=&#8221;1px&#8221; button_font=&#8221;|600||on|||||&#8221; position_origin_a=&#8221;top_right&#8221; vertical_offset=&#8221;0px&#8221; horizontal_offset=&#8221;571px&#8221; position_origin_a_tablet=&#8221;top_right&#8221; position_origin_a_phone=&#8221;top_right&#8221; position_origin_a_last_edited=&#8221;off|desktop&#8221; position_origin_f_last_edited=&#8221;off|desktop&#8221; position_origin_r_last_edited=&#8221;off|desktop&#8221; custom_margin=&#8221;||||false|false&#8221; custom_padding=&#8221;11px|28px|11px|28px|true|true&#8221; button_text_color_last_edited=&#8221;off|desktop&#8221; positioning_tablet=&#8221;none&#8221; positioning_phone=&#8221;none&#8221; positioning_last_edited=&#8221;off|desktop&#8221; global_colors_info=&#8221;{}&#8221; button_text_color__hover_enabled=&#8221;on|hover&#8221; button_text_color__hover=&#8221;#000000&#8243; button_border_width__hover_enabled=&#8221;on|desktop&#8221; button_border_color__hover_enabled=&#8221;on|hover&#8221; button_border_color__hover=&#8221;#FFFFFF&#8221; button_bg_color__hover_enabled=&#8221;on|hover&#8221; button_bg_color__hover=&#8221;#FFFFFF&#8221; button_bg_enable_color__hover=&#8221;on&#8221; button_border_width__hover=&#8221;1px&#8221;][\/et_pb_button][et_pb_button button_url=&#8221;https:\/\/bookings.travelclick.com\/73822?Hotell=1#\/guestsandrooms&#8221; url_new_window=&#8221;on&#8221; button_text=&#8221;Book now&#8221; button_alignment=&#8221;center&#8221; _builder_version=&#8221;4.24.0&#8243; _module_preset=&#8221;default&#8221; custom_button=&#8221;on&#8221; button_text_size=&#8221;13px&#8221; button_text_color=&#8221;#FFFFFF&#8221; button_border_width=&#8221;1px&#8221; button_border_color=&#8221;#ffffff&#8221; button_border_radius=&#8221;3px&#8221; button_font=&#8221;|600||on|||||&#8221; position_origin_a=&#8221;top_right&#8221; horizontal_offset=&#8221;400px&#8221; custom_margin=&#8221;|||30px|false|false&#8221; custom_margin_tablet=&#8221;|||30px|false|false&#8221; custom_margin_phone=&#8221;|||0px|false|false&#8221; custom_margin_last_edited=&#8221;on|phone&#8221; custom_padding=&#8221;11px|28px|11px|28px|true|true&#8221; button_border_color_tablet=&#8221;#E0D5C6&#8243; button_border_color_last_edited=&#8221;off|tablet&#8221; global_colors_info=&#8221;{}&#8221; button_bg_color__hover_enabled=&#8221;on|desktop&#8221; button_text_color__hover_enabled=&#8221;on|hover&#8221; button_text_color__hover=&#8221;#000000&#8243; button_border_color__hover_enabled=&#8221;on|hover&#8221; button_border_color__hover=&#8221;#FFFFFF&#8221; button_bg_color__hover=&#8221;#FFFFFF&#8221; button_bg_enable_color__hover=&#8221;on&#8221;][\/et_pb_button][\/et_pb_column][\/et_pb_row][\/et_pb_section][et_pb_section fb_built=&#8221;1&#8243; _builder_version=&#8221;4.24.0&#8243; _module_preset=&#8221;default&#8221; background_enable_color=&#8221;off&#8221; module_alignment=&#8221;center&#8221; custom_margin=&#8221;0px||0px||true|false&#8221; custom_padding=&#8221;78px||78px||true|false&#8221; global_colors_info=&#8221;{}&#8221;][et_pb_row column_structure=&#8221;1_2,1_2&#8243; _builder_version=&#8221;4.22.0&#8243; _module_preset=&#8221;default&#8221; width=&#8221;90%&#8221; max_width=&#8221;1170px&#8221; global_colors_info=&#8221;{}&#8221;][et_pb_column type=&#8221;1_2&#8243; _builder_version=&#8221;4.22.0&#8243; _module_preset=&#8221;default&#8221; global_colors_info=&#8221;{}&#8221;][et_pb_text _builder_version=&#8221;4.22.0&#8243; _module_preset=&#8221;default&#8221; header_2_font=&#8221;|600||on|||||&#8221; header_2_text_align=&#8221;center&#8221; header_2_text_color=&#8221;#000000&#8243; header_2_font_size=&#8221;32px&#8221; custom_margin=&#8221;0px||0px||false|false&#8221; custom_padding=&#8221;0px||0px||false|false&#8221; global_colors_info=&#8221;{}&#8221;]<\/p>\n<h2>Maude&#8217;s Hotel i Enskede AB<\/h2>\n<p>[\/et_pb_text][et_pb_divider show_divider=&#8221;off&#8221; _builder_version=&#8221;4.22.0&#8243; _module_preset=&#8221;default&#8221; custom_margin=&#8221;|213px||213px|false|false&#8221; custom_padding=&#8221;||||false|true&#8221; border_width_bottom=&#8221;5px&#8221; border_color_bottom=&#8221;#000000&#8243; global_colors_info=&#8221;{}&#8221;][\/et_pb_divider][et_pb_text _builder_version=&#8221;4.22.0&#8243; _module_preset=&#8221;default&#8221; header_3_font=&#8221;Playfair Display||on||||||&#8221; header_3_text_align=&#8221;center&#8221; header_3_text_color=&#8221;#5b5b5b&#8221; header_3_font_size=&#8221;18px&#8221; header_3_line_height=&#8221;1.3em&#8221; custom_margin=&#8221;||21px|||&#8221; custom_padding=&#8221;28px|||||&#8221; global_colors_info=&#8221;{}&#8221;]<\/p>\n<h3>Hotel near Stockholm Fair, Globen &amp; Tele2 Arena<\/h3>\n<p>[\/et_pb_text][et_pb_text _builder_version=&#8221;4.22.0&#8243; _module_preset=&#8221;default&#8221; text_text_color=&#8221;#000000&#8243; text_font_size=&#8221;13px&#8221; text_orientation=&#8221;center&#8221; global_colors_info=&#8221;{}&#8221;]<\/p>\n<p>12 minutes by subway to Stockholm city, close to Ericsson Globen and Tele2 Arena &amp; Stockholmsm\u00e4ssan in \u00c4lvsj\u00f6. These are some of the advantages of staying at Maude\u2019s Hotel Enskede.<\/p>\n<p>Maude\u2019s Hotel Enskede Stockholm has 42 rooms spread over 4 floors with an elevator to each floor. The hotel\u2019s design is a blend of Asian and Scandinavian styles, creating an overall warm, cozy, and personal atmosphere.<\/p>\n<p>[\/et_pb_text][et_pb_button button_url=&#8221;@ET-DC@eyJkeW5hbWljIjp0cnVlLCJjb250ZW50IjoicG9zdF9saW5rX3VybF9wYWdlIiwic2V0dGluZ3MiOnsicG9zdF9pZCI6IjI1ODI4IiwiZW5hYmxlX2h0bWwiOiJvZmYifX0=@&#8221; button_text=&#8221;Read more&#8221; button_alignment=&#8221;center&#8221; _builder_version=&#8221;4.22.0&#8243; _dynamic_attributes=&#8221;button_url&#8221; _module_preset=&#8221;default&#8221; custom_button=&#8221;on&#8221; button_text_size=&#8221;15px&#8221; button_text_color=&#8221;#000000&#8243; button_font=&#8221;|600||on|||||&#8221; position_origin_a=&#8221;top_right&#8221; horizontal_offset=&#8221;216px&#8221; custom_padding=&#8221;11px|28px|11px|28px|true|true&#8221; global_colors_info=&#8221;{}&#8221; button_text_color__hover=&#8221;#C0C0C0&#8243; button_text_color__hover_enabled=&#8221;on|hover&#8221; button_bg_color__hover_enabled=&#8221;on|hover&#8221; button_border_width__hover_enabled=&#8221;on|hover&#8221; button_border_color__hover=&#8221;#C0C0C0&#8243; button_border_color__hover_enabled=&#8221;on|hover&#8221;][\/et_pb_button][\/et_pb_column][et_pb_column type=&#8221;1_2&#8243; _builder_version=&#8221;4.22.0&#8243; _module_preset=&#8221;default&#8221; global_colors_info=&#8221;{}&#8221;][dipi_masonry_gallery gallery_ids=&#8221;25815,25816&#8243; columns=&#8221;2&#8243; gutter=&#8221;37&#8243; _builder_version=&#8221;4.22.0&#8243; _module_preset=&#8221;default&#8221; global_colors_info=&#8221;{}&#8221;][\/dipi_masonry_gallery][\/et_pb_column][\/et_pb_row][\/et_pb_section][et_pb_section fb_built=&#8221;1&#8243; _builder_version=&#8221;4.22.0&#8243; _module_preset=&#8221;default&#8221; background_color=&#8221;rgba(0,0,0,0.6)&#8221; background_image=&#8221;https:\/\/maudeshotel.se\/wp-content\/uploads\/2024\/01\/imgacard-21.jpg&#8221; background_blend=&#8221;overlay&#8221; global_colors_info=&#8221;{}&#8221;][et_pb_row column_structure=&#8221;1_2,1_2&#8243; use_custom_gutter=&#8221;on&#8221; gutter_width=&#8221;2&#8243; _builder_version=&#8221;4.22.0&#8243; _module_preset=&#8221;default&#8221; width=&#8221;90%&#8221; max_width=&#8221;1170px&#8221; global_colors_info=&#8221;{}&#8221;][et_pb_column type=&#8221;1_2&#8243; _builder_version=&#8221;4.22.0&#8243; _module_preset=&#8221;default&#8221; global_colors_info=&#8221;{}&#8221;][et_pb_image src=&#8221;https:\/\/maudeshotel.se\/wp-content\/uploads\/2024\/01\/imgacard-25.jpg&#8221; title_text=&#8221;imgacard-25&#8243; _builder_version=&#8221;4.22.0&#8243; _module_preset=&#8221;default&#8221; global_colors_info=&#8221;{}&#8221;][\/et_pb_image][\/et_pb_column][et_pb_column type=&#8221;1_2&#8243; _builder_version=&#8221;4.22.0&#8243; _module_preset=&#8221;default&#8221; global_colors_info=&#8221;{}&#8221;][et_pb_text _builder_version=&#8221;4.22.0&#8243; _module_preset=&#8221;default&#8221; header_2_font=&#8221;|600||on|||||&#8221; header_2_text_align=&#8221;left&#8221; header_2_text_color=&#8221;#FFFFFF&#8221; header_2_font_size=&#8221;32px&#8221; custom_margin=&#8221;0px||0px||false|false&#8221; custom_padding=&#8221;0px||0px||false|false&#8221; global_colors_info=&#8221;{}&#8221;]<\/p>\n<h2>Our rooms<\/h2>\n<p>[\/et_pb_text][et_pb_divider show_divider=&#8221;off&#8221; _builder_version=&#8221;4.22.0&#8243; _module_preset=&#8221;default&#8221; custom_margin=&#8221;-20px|548px|0px|29px|false|false&#8221; custom_padding=&#8221;0px||0px||false|true&#8221; border_width_bottom=&#8221;2px&#8221; border_color_bottom=&#8221;#FFFFFF&#8221; global_colors_info=&#8221;{}&#8221;][\/et_pb_divider][et_pb_text _builder_version=&#8221;4.22.0&#8243; _module_preset=&#8221;default&#8221; header_3_font=&#8221;Playfair Display||on||||||&#8221; header_3_text_align=&#8221;left&#8221; header_3_text_color=&#8221;#FFFFFF&#8221; header_3_font_size=&#8221;18px&#8221; header_3_line_height=&#8221;1.3em&#8221; custom_margin=&#8221;||21px|||&#8221; custom_padding=&#8221;28px|||||&#8221; global_colors_info=&#8221;{}&#8221;]<\/p>\n<h3>Maude has put a lot of thought, effort, and time into creating a modern, personal, and cozy atmosphere in the rooms.<\/h3>\n<p>[\/et_pb_text][et_pb_text _builder_version=&#8221;4.22.0&#8243; _module_preset=&#8221;default&#8221; text_text_color=&#8221;#FFFFFF&#8221; text_font_size=&#8221;13px&#8221; custom_margin=&#8221;||17px|||&#8221; global_colors_info=&#8221;{}&#8221;]<\/p>\n<p>Skilled craftsmen have designed the bed headboards and desks according to Maude\u2019s drawings.<\/p>\n<p>There are 4 different types of rooms, and all are non-smoking. We also have handicap-friendly rooms.<\/p>\n<p>Internet connection is included in the room rate.<\/p>\n<p>[\/et_pb_text][et_pb_button button_url=&#8221;@ET-DC@eyJkeW5hbWljIjp0cnVlLCJjb250ZW50IjoicG9zdF9saW5rX3VybF9wYWdlIiwic2V0dGluZ3MiOnsicG9zdF9pZCI6IjI1ODYwIiwiZW5hYmxlX2h0bWwiOiJvZmYifX0=@&#8221; button_text=&#8221;Read more&#8221; button_alignment=&#8221;left&#8221; _builder_version=&#8221;4.22.0&#8243; _dynamic_attributes=&#8221;button_url&#8221; _module_preset=&#8221;default&#8221; custom_button=&#8221;on&#8221; button_text_size=&#8221;15px&#8221; button_text_color=&#8221;#000000&#8243; button_bg_color=&#8221;#FFFFFF&#8221; button_border_color=&#8221;#FFFFFF&#8221; button_font=&#8221;|600||on|||||&#8221; position_origin_a=&#8221;top_right&#8221; horizontal_offset=&#8221;216px&#8221; custom_margin=&#8221;25px|||||&#8221; custom_padding=&#8221;11px|28px|11px|28px|true|true&#8221; button_bg_color_tablet=&#8221;#FFFFFF&#8221; button_bg_color_phone=&#8221;#FFFFFF&#8221; button_bg_color_last_edited=&#8221;on|desktop&#8221; global_colors_info=&#8221;{}&#8221;][\/et_pb_button][\/et_pb_column][\/et_pb_row][\/et_pb_section]<\/p>\n","protected":false},"excerpt":{"rendered":"<p>Maude&#8217;s Hotel i Enskede ABHotel near Stockholm Fair, Globen &amp; Tele2 Arena12 minutes by subway to Stockholm city, close to Ericsson Globen and Tele2 Arena &amp; Stockholmsm\u00e4ssan in \u00c4lvsj\u00f6. These are some of the advantages of staying at Maude\u2019s Hotel Enskede. Maude\u2019s Hotel Enskede Stockholm has 42 rooms spread over 4 floors with an elevator [&hellip;]<\/p>\n","protected":false},"author":1,"featured_media":26505,"parent":0,"menu_order":0,"comment_status":"closed","ping_status":"closed","template":"","meta":{"_et_pb_use_builder":"on","_et_pb_old_content":"","_et_gb_content_width":"","footnotes":""},"dipi_cpt_category":[],"class_list":["post-26033","page","type-page","status-publish","has-post-thumbnail","hentry"],"yoast_head":"<!-- This site is optimized with the Yoast SEO plugin v27.5 - https:\/\/yoast.com\/product\/yoast-seo-wordpress\/ -->\n<title>Home - Maude&#039;s Hotel - Rofyllda hotell Stockholm<\/title>\n<meta name=\"robots\" content=\"index, follow, max-snippet:-1, max-image-preview:large, max-video-preview:-1\" \/>\n<link rel=\"canonical\" href=\"https:\/\/maudeshotel.se\/en\/home\/\" \/>\n<meta property=\"og:locale\" content=\"en_US\" \/>\n<meta property=\"og:type\" content=\"article\" \/>\n<meta property=\"og:title\" content=\"Home - Maude&#039;s Hotel - Rofyllda hotell Stockholm\" \/>\n<meta property=\"og:description\" content=\"Maude&#039;s Hotel i Enskede ABHotel near Stockholm Fair, Globen &amp; Tele2 Arena12 minutes by subway to Stockholm city, close to Ericsson Globen and Tele2 Arena &amp; Stockholmsm\u00e4ssan in \u00c4lvsj\u00f6. These are some of the advantages of staying at Maude\u2019s Hotel Enskede. Maude\u2019s Hotel Enskede Stockholm has 42 rooms spread over 4 floors with an elevator [&hellip;]\" \/>\n<meta property=\"og:url\" content=\"https:\/\/maudeshotel.se\/en\/home\/\" \/>\n<meta property=\"og:site_name\" content=\"Maude&#039;s Hotel - Rofyllda hotell Stockholm\" \/>\n<meta property=\"article:publisher\" content=\"https:\/\/www.facebook.com\/maudeshotelenskede\" \/>\n<meta property=\"article:modified_time\" content=\"2024-04-29T08:48:56+00:00\" \/>\n<meta name=\"twitter:card\" content=\"summary_large_image\" \/>\n<meta name=\"twitter:label1\" content=\"Est. reading time\" \/>\n\t<meta name=\"twitter:data1\" content=\"7 minutes\" \/>\n<script type=\"application\/ld+json\" class=\"yoast-schema-graph\">{\"@context\":\"https:\\\/\\\/schema.org\",\"@graph\":[{\"@type\":\"WebPage\",\"@id\":\"https:\\\/\\\/maudeshotel.se\\\/en\\\/home\\\/\",\"url\":\"https:\\\/\\\/maudeshotel.se\\\/en\\\/home\\\/\",\"name\":\"Home - Maude&#039;s Hotel - Rofyllda hotell Stockholm\",\"isPartOf\":{\"@id\":\"https:\\\/\\\/maudeshotel.se\\\/#website\"},\"primaryImageOfPage\":{\"@id\":\"https:\\\/\\\/maudeshotel.se\\\/en\\\/home\\\/#primaryimage\"},\"image\":{\"@id\":\"https:\\\/\\\/maudeshotel.se\\\/en\\\/home\\\/#primaryimage\"},\"thumbnailUrl\":\"https:\\\/\\\/maudeshotel.se\\\/wp-content\\\/uploads\\\/2025\\\/02\\\/43Z4722-scaled.jpg\",\"datePublished\":\"2024-01-17T12:05:59+00:00\",\"dateModified\":\"2024-04-29T08:48:56+00:00\",\"breadcrumb\":{\"@id\":\"https:\\\/\\\/maudeshotel.se\\\/en\\\/home\\\/#breadcrumb\"},\"inLanguage\":\"en-US\",\"potentialAction\":[{\"@type\":\"ReadAction\",\"target\":[\"https:\\\/\\\/maudeshotel.se\\\/en\\\/home\\\/\"]}]},{\"@type\":\"ImageObject\",\"inLanguage\":\"en-US\",\"@id\":\"https:\\\/\\\/maudeshotel.se\\\/en\\\/home\\\/#primaryimage\",\"url\":\"https:\\\/\\\/maudeshotel.se\\\/wp-content\\\/uploads\\\/2025\\\/02\\\/43Z4722-scaled.jpg\",\"contentUrl\":\"https:\\\/\\\/maudeshotel.se\\\/wp-content\\\/uploads\\\/2025\\\/02\\\/43Z4722-scaled.jpg\",\"width\":2560,\"height\":1707},{\"@type\":\"BreadcrumbList\",\"@id\":\"https:\\\/\\\/maudeshotel.se\\\/en\\\/home\\\/#breadcrumb\",\"itemListElement\":[{\"@type\":\"ListItem\",\"position\":1,\"name\":\"Hem\",\"item\":\"https:\\\/\\\/maudeshotel.se\\\/en\\\/home\\\/\"},{\"@type\":\"ListItem\",\"position\":2,\"name\":\"Home\"}]},{\"@type\":\"WebSite\",\"@id\":\"https:\\\/\\\/maudeshotel.se\\\/#website\",\"url\":\"https:\\\/\\\/maudeshotel.se\\\/\",\"name\":\"Maude's Hotel - Rofyllda hotell Stockholm\",\"description\":\"Hotell i Enskede - 3 stj\u00e4rniga hotell n\u00e4ra tunnelbana till Stockholm city! V\u00e4lkomna!\",\"publisher\":{\"@id\":\"https:\\\/\\\/maudeshotel.se\\\/#organization\"},\"potentialAction\":[{\"@type\":\"SearchAction\",\"target\":{\"@type\":\"EntryPoint\",\"urlTemplate\":\"https:\\\/\\\/maudeshotel.se\\\/?s={search_term_string}\"},\"query-input\":{\"@type\":\"PropertyValueSpecification\",\"valueRequired\":true,\"valueName\":\"search_term_string\"}}],\"inLanguage\":\"en-US\"},{\"@type\":\"Organization\",\"@id\":\"https:\\\/\\\/maudeshotel.se\\\/#organization\",\"name\":\"Maude's Hotel - Rofyllda hotell Stockholm\",\"url\":\"https:\\\/\\\/maudeshotel.se\\\/\",\"logo\":{\"@type\":\"ImageObject\",\"inLanguage\":\"en-US\",\"@id\":\"https:\\\/\\\/maudeshotel.se\\\/#\\\/schema\\\/logo\\\/image\\\/\",\"url\":\"https:\\\/\\\/maudeshotel.se\\\/wp-content\\\/uploads\\\/2024\\\/02\\\/Maudes-Hotel-Enskede.png\",\"contentUrl\":\"https:\\\/\\\/maudeshotel.se\\\/wp-content\\\/uploads\\\/2024\\\/02\\\/Maudes-Hotel-Enskede.png\",\"width\":1000,\"height\":726,\"caption\":\"Maude's Hotel - Rofyllda hotell Stockholm\"},\"image\":{\"@id\":\"https:\\\/\\\/maudeshotel.se\\\/#\\\/schema\\\/logo\\\/image\\\/\"},\"sameAs\":[\"https:\\\/\\\/www.facebook.com\\\/maudeshotelenskede\",\"https:\\\/\\\/www.instagram.com\\\/maudeshotelenskede\\\/\"]}]}<\/script>\n<!-- \/ Yoast SEO plugin. -->","yoast_head_json":{"title":"Home - Maude&#039;s Hotel - Rofyllda hotell Stockholm","robots":{"index":"index","follow":"follow","max-snippet":"max-snippet:-1","max-image-preview":"max-image-preview:large","max-video-preview":"max-video-preview:-1"},"canonical":"https:\/\/maudeshotel.se\/en\/home\/","og_locale":"en_US","og_type":"article","og_title":"Home - Maude&#039;s Hotel - Rofyllda hotell Stockholm","og_description":"Maude's Hotel i Enskede ABHotel near Stockholm Fair, Globen &amp; Tele2 Arena12 minutes by subway to Stockholm city, close to Ericsson Globen and Tele2 Arena &amp; Stockholmsm\u00e4ssan in \u00c4lvsj\u00f6. These are some of the advantages of staying at Maude\u2019s Hotel Enskede. Maude\u2019s Hotel Enskede Stockholm has 42 rooms spread over 4 floors with an elevator [&hellip;]","og_url":"https:\/\/maudeshotel.se\/en\/home\/","og_site_name":"Maude&#039;s Hotel - Rofyllda hotell Stockholm","article_publisher":"https:\/\/www.facebook.com\/maudeshotelenskede","article_modified_time":"2024-04-29T08:48:56+00:00","twitter_card":"summary_large_image","twitter_misc":{"Est. reading time":"7 minutes"},"schema":{"@context":"https:\/\/schema.org","@graph":[{"@type":"WebPage","@id":"https:\/\/maudeshotel.se\/en\/home\/","url":"https:\/\/maudeshotel.se\/en\/home\/","name":"Home - Maude&#039;s Hotel - Rofyllda hotell Stockholm","isPartOf":{"@id":"https:\/\/maudeshotel.se\/#website"},"primaryImageOfPage":{"@id":"https:\/\/maudeshotel.se\/en\/home\/#primaryimage"},"image":{"@id":"https:\/\/maudeshotel.se\/en\/home\/#primaryimage"},"thumbnailUrl":"https:\/\/maudeshotel.se\/wp-content\/uploads\/2025\/02\/43Z4722-scaled.jpg","datePublished":"2024-01-17T12:05:59+00:00","dateModified":"2024-04-29T08:48:56+00:00","breadcrumb":{"@id":"https:\/\/maudeshotel.se\/en\/home\/#breadcrumb"},"inLanguage":"en-US","potentialAction":[{"@type":"ReadAction","target":["https:\/\/maudeshotel.se\/en\/home\/"]}]},{"@type":"ImageObject","inLanguage":"en-US","@id":"https:\/\/maudeshotel.se\/en\/home\/#primaryimage","url":"https:\/\/maudeshotel.se\/wp-content\/uploads\/2025\/02\/43Z4722-scaled.jpg","contentUrl":"https:\/\/maudeshotel.se\/wp-content\/uploads\/2025\/02\/43Z4722-scaled.jpg","width":2560,"height":1707},{"@type":"BreadcrumbList","@id":"https:\/\/maudeshotel.se\/en\/home\/#breadcrumb","itemListElement":[{"@type":"ListItem","position":1,"name":"Hem","item":"https:\/\/maudeshotel.se\/en\/home\/"},{"@type":"ListItem","position":2,"name":"Home"}]},{"@type":"WebSite","@id":"https:\/\/maudeshotel.se\/#website","url":"https:\/\/maudeshotel.se\/","name":"Maude's Hotel - Rofyllda hotell Stockholm","description":"Hotell i Enskede - 3 stj\u00e4rniga hotell n\u00e4ra tunnelbana till Stockholm city! V\u00e4lkomna!","publisher":{"@id":"https:\/\/maudeshotel.se\/#organization"},"potentialAction":[{"@type":"SearchAction","target":{"@type":"EntryPoint","urlTemplate":"https:\/\/maudeshotel.se\/?s={search_term_string}"},"query-input":{"@type":"PropertyValueSpecification","valueRequired":true,"valueName":"search_term_string"}}],"inLanguage":"en-US"},{"@type":"Organization","@id":"https:\/\/maudeshotel.se\/#organization","name":"Maude's Hotel - Rofyllda hotell Stockholm","url":"https:\/\/maudeshotel.se\/","logo":{"@type":"ImageObject","inLanguage":"en-US","@id":"https:\/\/maudeshotel.se\/#\/schema\/logo\/image\/","url":"https:\/\/maudeshotel.se\/wp-content\/uploads\/2024\/02\/Maudes-Hotel-Enskede.png","contentUrl":"https:\/\/maudeshotel.se\/wp-content\/uploads\/2024\/02\/Maudes-Hotel-Enskede.png","width":1000,"height":726,"caption":"Maude's Hotel - Rofyllda hotell Stockholm"},"image":{"@id":"https:\/\/maudeshotel.se\/#\/schema\/logo\/image\/"},"sameAs":["https:\/\/www.facebook.com\/maudeshotelenskede","https:\/\/www.instagram.com\/maudeshotelenskede\/"]}]}},"_links":{"self":[{"href":"https:\/\/maudeshotel.se\/en\/wp-json\/wp\/v2\/pages\/26033","targetHints":{"allow":["GET"]}}],"collection":[{"href":"https:\/\/maudeshotel.se\/en\/wp-json\/wp\/v2\/pages"}],"about":[{"href":"https:\/\/maudeshotel.se\/en\/wp-json\/wp\/v2\/types\/page"}],"author":[{"embeddable":true,"href":"https:\/\/maudeshotel.se\/en\/wp-json\/wp\/v2\/users\/1"}],"replies":[{"embeddable":true,"href":"https:\/\/maudeshotel.se\/en\/wp-json\/wp\/v2\/comments?post=26033"}],"version-history":[{"count":65,"href":"https:\/\/maudeshotel.se\/en\/wp-json\/wp\/v2\/pages\/26033\/revisions"}],"predecessor-version":[{"id":26459,"href":"https:\/\/maudeshotel.se\/en\/wp-json\/wp\/v2\/pages\/26033\/revisions\/26459"}],"wp:featuredmedia":[{"embeddable":true,"href":"https:\/\/maudeshotel.se\/en\/wp-json\/wp\/v2\/media\/26505"}],"wp:attachment":[{"href":"https:\/\/maudeshotel.se\/en\/wp-json\/wp\/v2\/media?parent=26033"}],"wp:term":[{"taxonomy":"dipi_cpt_category","embeddable":true,"href":"https:\/\/maudeshotel.se\/en\/wp-json\/wp\/v2\/dipi_cpt_category?post=26033"}],"curies":[{"name":"wp","href":"https:\/\/api.w.org\/{rel}","templated":true}]}}